{"id":40,"date":"2022-05-25T10:01:14","date_gmt":"2022-05-25T10:01:14","guid":{"rendered":"http:\/\/localhost\/cicling\/?page_id=40"},"modified":"2022-05-25T10:07:35","modified_gmt":"2022-05-25T10:07:35","slug":"politica-de-cookies","status":"publish","type":"page","link":"https:\/\/360-cycling.com\/en\/politica-de-cookies\/","title":{"rendered":"Cookies policy"},"content":{"rendered":"<p>En esta web se utilizan cookies propias y de terceros para conseguir que tengas una mejor experiencia de navegaci\u00f3n, puedas compartir contenido en redes sociales y para obtener estad\u00edsticas de usuarios.<\/p>\n<p>Como usuario, la manera m\u00e1s sencilla de evitar la descarga de cookies es bloqueando estas cookies mediante la configuraci\u00f3n apropiada de tu navegador, de esta manera evitar\u00e1s que las cookies se almacenen en tu disco duro.<\/p>\n<p><script type=\"text\/javascript\" charset=\"UTF-8\" data-cookiescriptreport=\"report\" src=\"\/\/report.cookie-script.com\/r\/1dae212f0e4f36787d6971207bacd487.js\"><\/script><\/p>\n","protected":false},"excerpt":{"rendered":"<p>En esta web se utilizan cookies propias y de terceros para conseguir que tengas una mejor experiencia de navegaci\u00f3n, puedas compartir contenido en redes sociales y para obtener estad\u00edsticas de usuarios. Como [&hellip;]<\/p>\n","protected":false},"author":1,"featured_media":0,"parent":0,"menu_order":0,"comment_status":"closed","ping_status":"closed","template":"","meta":{"footnotes":""},"class_list":["post-40","page","type-page","status-publish","hentry"],"acf":[],"_links":{"self":[{"href":"https:\/\/360-cycling.com\/en\/wp-json\/wp\/v2\/pages\/40","targetHints":{"allow":["GET"]}}],"collection":[{"href":"https:\/\/360-cycling.com\/en\/wp-json\/wp\/v2\/pages"}],"about":[{"href":"https:\/\/360-cycling.com\/en\/wp-json\/wp\/v2\/types\/page"}],"author":[{"embeddable":true,"href":"https:\/\/360-cycling.com\/en\/wp-json\/wp\/v2\/users\/1"}],"replies":[{"embeddable":true,"href":"https:\/\/360-cycling.com\/en\/wp-json\/wp\/v2\/comments?post=40"}],"version-history":[{"count":0,"href":"https:\/\/360-cycling.com\/en\/wp-json\/wp\/v2\/pages\/40\/revisions"}],"wp:attachment":[{"href":"https:\/\/360-cycling.com\/en\/wp-json\/wp\/v2\/media?parent=40"}],"curies":[{"name":"wp","href":"https:\/\/api.w.org\/{rel}","templated":true}]}}