{"id":3,"date":"2022-05-25T06:23:38","date_gmt":"2022-05-25T06:23:38","guid":{"rendered":"http:\/\/localhost\/cicling\/?page_id=3"},"modified":"2022-05-25T10:06:17","modified_gmt":"2022-05-25T10:06:17","slug":"politica-privacidad","status":"publish","type":"page","link":"https:\/\/360-cycling.com\/en\/politica-privacidad\/","title":{"rendered":"Privacy policy"},"content":{"rendered":"<p>El sitio web\u00a0 www.360-cycling.com es un proyecto de JAIZKIBEL SPORT SL con NIF B20936027, domicilio social en Calle Donostia 25, Local 10, 20.280 Hondarribia.<\/p>\r\n<p>Esta pol\u00edtica de privacidad ha sido actualizada por \u00faltima vez el 25\/04\/2018.<\/p>\r\n<p>En esta web se asume un compromiso permanente con la privacidad de los datos de suscriptores, contactos, clientes y se garantiza las mejores \u00a0pr\u00e1cticas en el uso de datos de car\u00e1cter personal.<\/p>\r\n<p>JAIZKIBEL SPORT SL se opone al env\u00edo de correos electr\u00f3nicos no solicitados (spam), poniendo todos los esfuerzos para impedir el uso indebido del correo electr\u00f3nico.<\/p>\r\n<p>Tambi\u00e9n se informa a los usuarios de este sitio que nunca y bajo ninguna circunstancia se compartir\u00e1n \u00a0datos de usuarios obtenidos mediante este portal ni ser\u00e1n cedidos los datos de \u00a0usuarios a terceros, a\u00a0menos que estos hayan sido informados previamente y se cuente con su expresa autorizaci\u00f3n.<\/p>\r\n<p>La plataforma podr\u00eda contener v\u00ednculos a sitios web de terceros. Si as\u00ed fuera, en ning\u00fan caso nos haremos responsables de las pr\u00e1cticas de protecci\u00f3n de datos ni del contenido de dichos sitios web. Por consiguiente, conviene que lea atentamente las pol\u00edticas de privacidad de cada sitio web antes de aceptar las condiciones y de proceder a su uso.<\/p>\r\n<p>A efectos de lo previsto en la Ley Org\u00e1nica 15\/1999, de 13 de diciembre, de Protecci\u00f3n de Datos de Car\u00e1cter Personal, sociedad de la informaci\u00f3n y de comercio electr\u00f3nico, se informa de manera clara y transparente los datos del responsable de esta web:<\/p>\r\n<ul>\r\n<li>Su proyecto web es 360-cycling.com<\/li>\r\n<li>Su denominaci\u00f3n comercial es 360 CYCLING<\/li>\r\n<li>Su NIF B20936027<\/li>\r\n<li>Su domicilio social est\u00e1 en\u00a0 Calle Donostia 25, Local 10, 20.280 Hondarribia<\/li>\r\n<\/ul>\r\n<h4>ENVIO Y REGISTRO DE DATOS DE CAR\u00c1CTER PERSONAL<\/h4>\r\n<p>El env\u00edo de datos de car\u00e1cter personal es obligatorio para contactar y realizar solicitudes \u00a0comerciales con 360 CYCLING. Asimismo, el no facilitar los datos personales solicitados o el no aceptar la presente pol\u00edtica de protecci\u00f3n de datos supone la imposibilidad de procesar las solicitudes realizadas en este portal.<\/p>\r\n<p><strong>Los supuestos en los que esta web requiere datos personales son:<\/strong><\/p>\r\n<ul>\r\n<li>Para realizar consultas a trav\u00e9s del formulario de contacto.<\/li>\r\n<li>Para solicitar cualquiera de los servicios y\/o productos que ofrecemos.<\/li>\r\n<\/ul>\r\n<p><strong>La informaci\u00f3n personal se utilizar\u00e1 de la siguiente manera:<\/strong><\/p>\r\n<ol>\r\n<li>Para promocionar los servicios de JAIZKIBEL SPORT SL:\u00a0Por ejemplo, si el Usuario deja su informaci\u00f3n personal en alguno de los formularios de contacto, JAIZKIBEL SPORT SL puede utilizar esos datos para enviarle informaci\u00f3n sobre sus servicios en el caso de que \u00e9sta sea solicitada.<\/li>\r\n<li>Para garantizar el cumplimiento de las condiciones de uso y la ley aplicable. Esto puede incluir desarrollo\u00a0de herramientas y algoritmos\u00a0que ayudan a esta web a garantizar la confidencialidad de los datos personales que recoge.<\/li>\r\n<li>Para la atenci\u00f3n al cliente y prestar servicios de seguimiento.<\/li>\r\n<li>Para establecer comunicaci\u00f3n con suscriptores y usuarios.<\/li>\r\n<li>En cada uno de los casos, como Usuario tendr\u00e1s plenos derechos sobre tus datos personales y sobre el uso de los mismos y podr\u00e1s ejercitarlos en cualquier momento.<\/li>\r\n<li>En ning\u00fan caso cederemos tus datos a terceros sin informarte previamente y requerirte tu consentimiento.<\/li>\r\n<\/ol>\r\n<p><strong>Servicios ofrecidos por terceros en esta web<\/strong><\/p>\r\n<p>Para proporcionar servicios estrictamente necesarios para el desarrollo de nuestra actividad, compartimos datos con los siguientes prestadores bajo sus correspondientes condiciones de privacidad.<\/p>\r\n<ul>\r\n<li><strong>Hosting:<\/strong> 1&amp;1 Internet Espa\u00f1a S.L.U., con CIF: B85049435, y direcci\u00f3n fiscal: Avenida de La Vega, 1 \u2013 Edificio Veganova (Edificio 3, planta 5o puerta C), 28108, Alcobendas (Madrid). 1&amp;1 trata los datos de usuarios y prescriptores web con la finalidad de realizar sus servicios de hosting y correo electr\u00f3nico a 360-cycling.com. M\u00e1s informaci\u00f3n en <a href=\"https:\/\/www.1and1.es\/\">1and1.es<\/a><\/li>\r\n<\/ul>\r\n<p><strong>Sistemas de captura de datos personales que recoge esta web<\/strong><\/p>\r\n<p>Esta web utiliza diferentes sistemas de captura de informaci\u00f3n personal, requiriendo siempre el consentimiento previo de los usuarios para tratar sus datos personales con los fines indicados.<\/p>\r\n<p>Como Usuario tienes derecho a revocar tu consentimiento previo en cualquier momento.<\/p>\r\n<p><strong>Sistemas de captura de informaci\u00f3n personal utilizados:<\/strong><\/p>\r\n<p>Formulario de contacto para sugerencias, consultas o contacto profesional<\/p>\r\n<p>Cookies: El usuario puede consultar en cualquier momento <u>la pol\u00edtica de cookies<\/u> para ampliar informaci\u00f3n sobre el uso de cookies y c\u00f3mo desactivarlas.<\/p>\r\n<p>El Usuario garantiza que los datos personales facilitados a trav\u00e9s de los diferentes formularios son veraces, quedando obligado a comunicar cualquier modificaci\u00f3n de los mismos. Igualmente, el Usuario garantiza que toda la informaci\u00f3n facilitada corresponde con su situaci\u00f3n real, que est\u00e1 puesta al d\u00eda y es exacta. Adem\u00e1s, el Usuario se obliga a mantener en todo momento sus datos actualizados, siendo el \u00fanico responsable de la inexactitud o falsedad de los datos facilitados y de los perjuicios que pueda causar por ello a\u00a0 <a href=\"mailto:INFO@XXXXXXX.COM\">INFO@360-CYCLING.COM<\/a> como titular de la web www.360-cycling.com, o a terceros con motivo de la utilizaci\u00f3n de dichos datos.<\/p>\r\n<h4>EJERCICIO DE LOS DERECHOS DE ACCESO, RECTIFICACI\u00d3N, CANCELACI\u00d3N U OPOSICI\u00d3N (ARCO)<\/h4>\r\n<p>El usuario podr\u00e1 dirigir sus comunicaciones y ejercitar sus derechos ARCO siguiendo las formalidades impuestas por la Ley Org\u00e1nica 15\/1999, de 13 de diciembre, de Protecci\u00f3n de Datos de Car\u00e1cter Personal y su Reglamento de Desarrollo.<\/p>\r\n<p>Podr\u00e1 ejercitar sus derechos de acceso, rectificaci\u00f3n, cancelaci\u00f3n y oposici\u00f3n mediante solicitud escrita y firmada en la que se contengan los siguientes datos: nombre y apellidos, domicilio a efectos de notificaciones, junto con prueba v\u00e1lida en derecho, como fotocopia del D.N.I. o equivalente, y la petici\u00f3n en que se concrete la solicitud. El escrito deber\u00e1 remitirse a JAIZKIBEL SPORT SL, Calle Donostia 25, Local 10, 20.280 Hondarribia, Guipuzkoa.<\/p>\r\n<h4>ACEPTACI\u00d3N Y CONSENTIMIENTO<\/h4>\r\n<p>El Usuario declara haber sido informado de las condiciones sobre Protecci\u00f3n de Datos de Car\u00e1cter Personal, aceptando y consintiendo el tratamiento de los mismos por parte de JAIZKIBEL SPORT SL y para las finalidades indicadas en la presente Pol\u00edtica de Privacidad.<\/p>\r\n<h4>CAMBIOS EN LA PRESENTE POL\u00cdTICA DE PRIVACIDAD<\/h4>\r\n<p>JAIZKIBEL SPORT SL se reserva el derecho a modificar la presente pol\u00edtica para adaptarla a novedades legislativas o jurisprudenciales as\u00ed como a pr\u00e1cticas de la industria. En dichos supuestos, el Prestador anunciar\u00e1 en esta p\u00e1gina los cambios introducidos con razonable antelaci\u00f3n a su puesta en pr\u00e1ctica.<\/p>\r\n<h4>CORREOS COMERCIALES<\/h4>\r\n<p>De acuerdo con la LSSICE, JAIZKIBEL SPORT SL no realiza pr\u00e1cticas de SPAM, por lo que no env\u00eda correos comerciales por v\u00eda electr\u00f3nica que no hayan sido previamente solicitados o autorizados por el Usuario.<\/p>","protected":false},"excerpt":{"rendered":"<p>El sitio web\u00a0 www.360-cycling.com es un proyecto de JAIZKIBEL SPORT SL con NIF B20936027, domicilio social en Calle Donostia 25, Local 10, 20.280 Hondarribia. Esta pol\u00edtica de privacidad ha sido actualizada por [&hellip;]<\/p>\n","protected":false},"author":1,"featured_media":0,"parent":0,"menu_order":0,"comment_status":"closed","ping_status":"open","template":"","meta":{"footnotes":""},"class_list":["post-3","page","type-page","status-publish","hentry"],"acf":[],"_links":{"self":[{"href":"https:\/\/360-cycling.com\/en\/wp-json\/wp\/v2\/pages\/3","targetHints":{"allow":["GET"]}}],"collection":[{"href":"https:\/\/360-cycling.com\/en\/wp-json\/wp\/v2\/pages"}],"about":[{"href":"https:\/\/360-cycling.com\/en\/wp-json\/wp\/v2\/types\/page"}],"author":[{"embeddable":true,"href":"https:\/\/360-cycling.com\/en\/wp-json\/wp\/v2\/users\/1"}],"replies":[{"embeddable":true,"href":"https:\/\/360-cycling.com\/en\/wp-json\/wp\/v2\/comments?post=3"}],"version-history":[{"count":0,"href":"https:\/\/360-cycling.com\/en\/wp-json\/wp\/v2\/pages\/3\/revisions"}],"wp:attachment":[{"href":"https:\/\/360-cycling.com\/en\/wp-json\/wp\/v2\/media?parent=3"}],"curies":[{"name":"wp","href":"https:\/\/api.w.org\/{rel}","templated":true}]}}